{"id":7215,"date":"2024-09-05T12:50:35","date_gmt":"2024-09-05T12:50:35","guid":{"rendered":"https:\/\/conex-casting.com\/?page_id=7215"},"modified":"2026-02-09T06:15:45","modified_gmt":"2026-02-09T06:15:45","slug":"fundicao-em-areia-de-aco-inoxidavel","status":"publish","type":"page","link":"https:\/\/conex-casting.com\/pt-br\/fundicao-em-areia-de-aco-inoxidavel\/","title":{"rendered":"Fundi\u00e7\u00e3o em areia de a\u00e7o inoxid\u00e1vel"},"content":{"rendered":"\n<p><img loading=\"lazy\" decoding=\"async\" class=\"alignnone size-medium wp-image-7277\" src=\"http:\/\/conex-casting.com\/wp-content\/uploads\/2024\/09\/Fundicao-em-areia-de-aco-inoxidavel-2-300x300.webp\" alt=\"Fundi\u00e7\u00e3o em areia de a\u00e7o inoxid\u00e1vel 2\" width=\"300\" height=\"300\" srcset=\"https:\/\/conex-casting.com\/wp-content\/uploads\/2024\/09\/Fundicao-em-areia-de-aco-inoxidavel-2-300x300.webp 300w, https:\/\/conex-casting.com\/wp-content\/uploads\/2024\/09\/Fundicao-em-areia-de-aco-inoxidavel-2-150x150.webp 150w, https:\/\/conex-casting.com\/wp-content\/uploads\/2024\/09\/Fundicao-em-areia-de-aco-inoxidavel-2.webp 512w\" sizes=\"auto, (max-width: 300px) 100vw, 300px\" \/> <img loading=\"lazy\" decoding=\"async\" class=\"alignnone size-medium wp-image-7283\" src=\"http:\/\/conex-casting.com\/wp-content\/uploads\/2024\/09\/Fundicao-em-areia-de-aco-inoxidavel-3-300x300.webp\" alt=\"Fundi\u00e7\u00e3o em areia de a\u00e7o inoxid\u00e1vel 3\" width=\"300\" height=\"300\" srcset=\"https:\/\/conex-casting.com\/wp-content\/uploads\/2024\/09\/Fundicao-em-areia-de-aco-inoxidavel-3-300x300.webp 300w, https:\/\/conex-casting.com\/wp-content\/uploads\/2024\/09\/Fundicao-em-areia-de-aco-inoxidavel-3-150x150.webp 150w, https:\/\/conex-casting.com\/wp-content\/uploads\/2024\/09\/Fundicao-em-areia-de-aco-inoxidavel-3.webp 512w\" sizes=\"auto, (max-width: 300px) 100vw, 300px\" \/> <img loading=\"lazy\" decoding=\"async\" class=\"alignnone size-medium wp-image-7289\" src=\"http:\/\/conex-casting.com\/wp-content\/uploads\/2024\/09\/Fundicao-em-areia-de-aco-inoxidavel-4-300x300.webp\" alt=\"Fundi\u00e7\u00e3o em areia de a\u00e7o inoxid\u00e1vel 4\" width=\"300\" height=\"300\" srcset=\"https:\/\/conex-casting.com\/wp-content\/uploads\/2024\/09\/Fundicao-em-areia-de-aco-inoxidavel-4-300x300.webp 300w, https:\/\/conex-casting.com\/wp-content\/uploads\/2024\/09\/Fundicao-em-areia-de-aco-inoxidavel-4-150x150.webp 150w, https:\/\/conex-casting.com\/wp-content\/uploads\/2024\/09\/Fundicao-em-areia-de-aco-inoxidavel-4.webp 512w\" sizes=\"auto, (max-width: 300px) 100vw, 300px\" \/> <img loading=\"lazy\" decoding=\"async\" class=\"alignnone size-medium wp-image-7295\" src=\"http:\/\/conex-casting.com\/wp-content\/uploads\/2024\/09\/Fundicao-em-areia-de-aco-inoxidavel-300x300.webp\" alt=\"Fundi\u00e7\u00e3o em areia de a\u00e7o inoxid\u00e1vel\" width=\"300\" height=\"300\" srcset=\"https:\/\/conex-casting.com\/wp-content\/uploads\/2024\/09\/Fundicao-em-areia-de-aco-inoxidavel-300x300.webp 300w, https:\/\/conex-casting.com\/wp-content\/uploads\/2024\/09\/Fundicao-em-areia-de-aco-inoxidavel-150x150.webp 150w, https:\/\/conex-casting.com\/wp-content\/uploads\/2024\/09\/Fundicao-em-areia-de-aco-inoxidavel.webp 512w\" sizes=\"auto, (max-width: 300px) 100vw, 300px\" \/><\/p>\n<p style=\"text-align: center;\"><a class=\"maxbutton-1 maxbutton maxbutton-product-page-button open-popup-modal\"><span class=\"mb-text\">Get Quote In 24 Hours<\/span><\/a><\/p>\n<p><strong>Introdu\u00e7\u00e3o<\/strong><br \/>A fundi\u00e7\u00e3o em areia de a\u00e7o inoxid\u00e1vel \u00e9 um m\u00e9todo vers\u00e1til e econ\u00f4mico para produzir componentes de a\u00e7o inoxid\u00e1vel de alta qualidade. Nosso processo de fundi\u00e7\u00e3o em areia combina t\u00e9cnicas tradicionais com tecnologia moderna para oferecer resist\u00eancia superior \u00e0 corros\u00e3o, durabilidade e precis\u00e3o em uma ampla gama de ind\u00fastrias. Nossa fundi\u00e7\u00e3o de a\u00e7o inoxid\u00e1vel na \u00cdndia est\u00e1 bem equipada para lidar com diversos trabalhos de fundi\u00e7\u00e3o em areia de a\u00e7o inoxid\u00e1vel.<\/p>\n<p><strong>Ligas de A\u00e7o Inoxid\u00e1vel Fundido<\/strong><br \/>Oferecemos servi\u00e7os de fundi\u00e7\u00e3o em areia para v\u00e1rias ligas de a\u00e7o inoxid\u00e1vel, incluindo:<\/p>\n<ul>\n<li>A\u00e7o Inoxid\u00e1vel Austen\u00edtico (S\u00e9rie 300- 304, 316, 316L, etc.)<\/li>\n<li>A\u00e7o Inoxid\u00e1vel Ferr\u00edtico (S\u00e9rie 400)<\/li>\n<li>A\u00e7o Inoxid\u00e1vel Martens\u00edtico<\/li>\n<li>A\u00e7o Inoxid\u00e1vel Duplex<\/li>\n<li>A\u00e7o Inoxid\u00e1vel de Endurecimento por Precipita\u00e7\u00e3o<\/li>\n<\/ul>\n<p><strong>Aplica\u00e7\u00f5es<\/strong><br \/>As fundi\u00e7\u00f5es em areia de a\u00e7o inoxid\u00e1vel s\u00e3o amplamente utilizadas em v\u00e1rias ind\u00fastrias:<\/p>\n<ul>\n<li>Processamento Qu\u00edmico<\/li>\n<li>Equipamentos de Alimentos e Bebidas<\/li>\n<li>Marinha e Offshore<\/li>\n<li>Fabrica\u00e7\u00e3o Farmac\u00eautica<\/li>\n<li>Ind\u00fastria de Papel e Celulose<\/li>\n<li>Instala\u00e7\u00f5es de Tratamento de \u00c1gua<\/li>\n<li>Aeroespacial e Defesa<\/li>\n<li>Petr\u00f3leo e G\u00e1s<\/li>\n<li>Impulsores de A\u00e7o Inoxid\u00e1vel<\/li>\n<li>Componentes Arquitet\u00f4nicos e Estruturais<\/li>\n<\/ul>\n<p><strong>Componentes T\u00edpicos Feitos de Fundi\u00e7\u00e3o de A\u00e7o Inoxid\u00e1vel<\/strong><br \/>As fundi\u00e7\u00f5es de a\u00e7o inoxid\u00e1vel s\u00e3o utilizadas em diversas ind\u00fastrias devido \u00e0 sua resist\u00eancia \u00e0 corros\u00e3o, for\u00e7a e capacidade de suportar altas temperaturas. Aqui est\u00e1 uma lista de componentes comuns, categorizados por ind\u00fastria:<\/p>\n<p><strong>Marinha:<\/strong><\/p>\n<ul>\n<li>H\u00e9lices<\/li>\n<li>Leme<\/li>\n<li>Carca\u00e7as de bombas<\/li>\n<li>Corpos de v\u00e1lvulas<\/li>\n<li>Impulsores de bombas<\/li>\n<li>Filtros de \u00e1gua do mar<\/li>\n<li>Bollards<\/li>\n<\/ul>\n<p><strong>Qu\u00edmica:<\/strong><\/p>\n<ul>\n<li>Carca\u00e7as de bombas<\/li>\n<li>Corpos e assentos de v\u00e1lvulas<\/li>\n<li>Vasos de reatores<\/li>\n<li>Colunas de destila\u00e7\u00e3o internas<\/li>\n<li>Pe\u00e7as de trocadores de calor<\/li>\n<li>Conex\u00f5es de tubula\u00e7\u00e3o<\/li>\n<li>Coletor<\/li>\n<\/ul>\n<p><strong>Alimentos e Bebidas:<\/strong><\/p>\n<ul>\n<li>Componentes de misturadores<\/li>\n<li>Pe\u00e7as de transportadores<\/li>\n<li>Carca\u00e7as de bombas<\/li>\n<li>Corpos de v\u00e1lvulas<\/li>\n<li>Componentes de m\u00e1quinas de enchimento<\/li>\n<li>Pe\u00e7as de fermentadores<\/li>\n<li>Conex\u00f5es sanit\u00e1rias<\/li>\n<\/ul>\n<p><strong>Papel e Celulose:<\/strong><\/p>\n<ul>\n<li>Componentes de digestores<\/li>\n<li>Carca\u00e7as de bombas<\/li>\n<li>Corpos de v\u00e1lvulas<\/li>\n<li>Pe\u00e7as de equipamentos de branqueamento<\/li>\n<li>Componentes de agitadores<\/li>\n<li>L\u00e2minas de raspagem<\/li>\n<\/ul>\n<p><strong>Tratamento de \u00c1gua:<\/strong><\/p>\n<ul>\n<li>Carca\u00e7as de bombas<\/li>\n<li>Corpos de v\u00e1lvulas<\/li>\n<li>Carca\u00e7as de filtros<\/li>\n<li>Impulsores<\/li>\n<li>Placas difusoras<\/li>\n<li>Componentes de aeradores<\/li>\n<\/ul>\n<p><strong>Petr\u00f3leo e G\u00e1s:<\/strong><\/p>\n<ul>\n<li>Componentes de cabe\u00e7a de po\u00e7o<\/li>\n<li>Corpos e tampas de v\u00e1lvulas<\/li>\n<li>Carca\u00e7as de bombas<\/li>\n<li>Componentes de coletores<\/li>\n<li>Pe\u00e7as de equipamentos submarinos<\/li>\n<li>Coletores de estrangulamento e desligamento<\/li>\n<\/ul>\n<p><strong>Energia:<\/strong><\/p>\n<ul>\n<li>P\u00e1s de turbinas<\/li>\n<li>Corpos de v\u00e1lvulas<\/li>\n<li>Carca\u00e7as de bombas<\/li>\n<li>Bicos<\/li>\n<li>Pe\u00e7as de trocadores de calor<\/li>\n<li>Componentes de queimadores<\/li>\n<\/ul>\n<p><strong>Automotivo:<\/strong><\/p>\n<ul>\n<li>Componentes de sistemas de escape<\/li>\n<li>Carca\u00e7as de turbocompressores<\/li>\n<li>Pe\u00e7as de v\u00e1lvulas EGR<\/li>\n<li>Pin\u00e7as de freio (ve\u00edculos de alto desempenho)<\/li>\n<li>Suportes de motor<\/li>\n<\/ul>\n<p><strong>Aeroespacial:<\/strong><\/p>\n<ul>\n<li>P\u00e1s de turbinas<\/li>\n<li>Componentes do sistema de combust\u00edvel<\/li>\n<li>Pe\u00e7as do trem de pouso<\/li>\n<li>Componentes do sistema de escape<\/li>\n<li>Conex\u00f5es estruturais<\/li>\n<li>Carca\u00e7as de bombas<\/li>\n<li>Impulsores<\/li>\n<\/ul>\n<p><strong>M\u00e9dico e Farmac\u00eautico:<\/strong><\/p>\n<ul>\n<li>Pe\u00e7as de instrumentos cir\u00fargicos<\/li>\n<li>Componentes de implantes<\/li>\n<li>Pe\u00e7as de equipamentos de esteriliza\u00e7\u00e3o<\/li>\n<li>Corpos de v\u00e1lvulas para dispositivos m\u00e9dicos<\/li>\n<li>Componentes de equipamentos de processamento farmac\u00eautico<\/li>\n<\/ul>\n<p><strong>M\u00e9todos de Fundi\u00e7\u00e3o de A\u00e7o Inoxid\u00e1vel<\/strong><br \/>Nosso processo de fundi\u00e7\u00e3o em areia de a\u00e7o inoxid\u00e1vel emprega v\u00e1rios m\u00e9todos para garantir resultados \u00f3timos:<\/p>\n<ul>\n<li><strong>Fundi\u00e7\u00e3o em Areia Verde:<\/strong> Utiliza mistura de areia \u00famida para a cria\u00e7\u00e3o do molde, ideal para produ\u00e7\u00e3o em grande volume.<\/li>\n<li><strong>Fundi\u00e7\u00e3o em Areia Qu\u00edmica:<\/strong> Usa areia quimicamente ligada para melhorar a precis\u00e3o dimensional e o acabamento da superf\u00edcie.<\/li>\n<li><strong>Molde Shell:<\/strong> Emprega areia revestida de resina para excelente acabamento de superf\u00edcie e toler\u00e2ncias apertadas.<\/li>\n<li><strong>Fundi\u00e7\u00e3o em Cera Perdida:<\/strong> Tamb\u00e9m conhecida como fundi\u00e7\u00e3o de cera perdida, oferece acabamento superior de superf\u00edcie e geometrias complexas.<\/li>\n<li><strong>Fundi\u00e7\u00e3o Centr\u00edfuga:<\/strong> Ideal para pe\u00e7as cil\u00edndricas, proporcionando fundi\u00e7\u00f5es densas e de alta qualidade.<\/li>\n<\/ul>\n<p><strong>Graus de A\u00e7o Inoxid\u00e1vel<\/strong><br \/>Abaixo est\u00e1 uma tabela de graus comuns de a\u00e7o inoxid\u00e1vel usados na fundi\u00e7\u00e3o em areia, juntamente com suas designa\u00e7\u00f5es equivalentes em diferentes normas:<\/p>\n<table>\n<thead>\n<tr>\n<th>Grau ASTM<\/th>\n<th>UNS<\/th>\n<th>EN<\/th>\n<th>JIS<\/th>\n<th>Descri\u00e7\u00e3o<\/th>\n<th>Propriedades Chave<\/th>\n<th>Aplica\u00e7\u00f5es T\u00edpicas<\/th>\n<\/tr>\n<\/thead>\n<tbody>\n<tr>\n<td>CF8<\/td>\n<td>J92600<\/td>\n<td>1.4308<\/td>\n<td>SCS13A<\/td>\n<td>Equivalente fundido de 304<\/td>\n<td>Boa resist\u00eancia \u00e0 corros\u00e3o, n\u00e3o magn\u00e9tico<\/td>\n<td>Equipamentos de processamento de alimentos, recipientes qu\u00edmicos<\/td>\n<\/tr>\n<tr>\n<td>CF3<\/td>\n<td>J92500<\/td>\n<td>1.4306<\/td>\n<td>SCS19A<\/td>\n<td>Equivalente fundido de 304L<\/td>\n<td>Melhor soldabilidade, baixo carbono<\/td>\n<td>Equipamentos criog\u00eanicos, aplica\u00e7\u00f5es marinhas<\/td>\n<\/tr>\n<tr>\n<td>CF8M<\/td>\n<td>J92900<\/td>\n<td>1.4408<\/td>\n<td>SCS14A<\/td>\n<td>Equivalente fundido de 316<\/td>\n<td>Melhor resist\u00eancia \u00e0 corros\u00e3o, especialmente a cloretos<\/td>\n<td>Equipamentos farmac\u00eauticos, estruturas costeiras<\/td>\n<\/tr>\n<tr>\n<td>CF3M<\/td>\n<td>J92800<\/td>\n<td>1.4404<\/td>\n<td>SCS16A<\/td>\n<td>Equivalente fundido de 316L<\/td>\n<td>Excelente soldabilidade, muito baixo carbono<\/td>\n<td>Processamento qu\u00edmico, ind\u00fastria de papel e celulose<\/td>\n<\/tr>\n<tr>\n<td>CA15<\/td>\n<td>J91150<\/td>\n<td>1.4027<\/td>\n<td>SCS1<\/td>\n<td>12% Cr, Martens\u00edtico<\/td>\n<td>Alta resist\u00eancia, resist\u00eancia moderada \u00e0 corros\u00e3o<\/td>\n<td>Componentes de bombas, corpos de v\u00e1lvulas<\/td>\n<\/tr>\n<tr>\n<td>CA40<\/td>\n<td>J91153<\/td>\n<td>1.4031<\/td>\n<td>SCS5<\/td>\n<td>13% Cr, Martens\u00edtico<\/td>\n<td>Alta dureza, boa resist\u00eancia ao desgaste<\/td>\n<td>P\u00e1s de turbinas, ferramentas de corte<\/td>\n<\/tr>\n<tr>\n<td>CD4MCU<\/td>\n<td>J93370<\/td>\n<td>1.4517<\/td>\n<td>SCS74A<\/td>\n<td>Duplex (Ferrita-Austenita)<\/td>\n<td>Alta resist\u00eancia, excelente resist\u00eancia \u00e0 corros\u00e3o<\/td>\n<td>Petr\u00f3leo e g\u00e1s offshore, plantas de dessaliniza\u00e7\u00e3o<\/td>\n<\/tr>\n<tr>\n<td>CB7Cu-1<\/td>\n<td>J92180<\/td>\n<td>1.4542<\/td>\n<td>SUS630<\/td>\n<td>Endurecimento por Precipita\u00e7\u00e3o<\/td>\n<td>Alta resist\u00eancia, boa resist\u00eancia \u00e0 corros\u00e3o<\/td>\n<td>Componentes aeroespaciais, fixadores<\/td>\n<\/tr>\n<tr>\n<td>CF20<\/td>\n<td>J92602<\/td>\n<td>1.4312<\/td>\n<td>SCS11<\/td>\n<td>Alto teor de sil\u00edcio<\/td>\n<td>Melhor resist\u00eancia ao \u00e1cido<\/td>\n<td>Processamento qu\u00edmico, manuseio de \u00e1cido sulf\u00farico<\/td>\n<\/tr>\n<tr>\n<td>CG8M<\/td>\n<td>J93000<\/td>\n<td>1.4448<\/td>\n<td>SCS14B<\/td>\n<td>Maior teor de Mo do que CF8M<\/td>\n<td>Melhor resist\u00eancia \u00e0 picadas<\/td>\n<td>Papel e celulose, ind\u00fastria qu\u00edmica<\/td>\n<\/tr>\n<tr>\n<td>CN7M<\/td>\n<td>N08007<\/td>\n<td>1.45<\/td>\n<td>SCS13B<\/td>\n<td>Alta liga de Ni-Cr-Mo<\/td>\n<td>Excelente resist\u00eancia a \u00e1cidos redutores<\/td>\n<td>Equipamentos de \u00e1cido sulf\u00farico e fosf\u00f3rico<\/td>\n<\/tr>\n<tr>\n<td>CK3MCuN<\/td>\n<td>J93254<\/td>\n<td>1.4593<\/td>\n<td>\u2013<\/td>\n<td>Super duplex<\/td>\n<td>Muito alta resist\u00eancia e resist\u00eancia \u00e0 corros\u00e3o<\/td>\n<td>Offshore, processamento qu\u00edmico<\/td>\n<\/tr>\n<tr>\n<td>CF10SMnN<\/td>\n<td>J92972<\/td>\n<td>1.4472<\/td>\n<td>\u2013<\/td>\n<td>Alto teor de Mn austen\u00edtico<\/td>\n<td>Boa resist\u00eancia \u00e0 abras\u00e3o, n\u00e3o magn\u00e9tico<\/td>\n<td>Equipamentos de minera\u00e7\u00e3o, pe\u00e7as de desgaste<\/td>\n<\/tr>\n<tr>\n<td>HC<\/td>\n<td>J92605<\/td>\n<td>1.4837<\/td>\n<td>SCH13<\/td>\n<td>25Cr-20Ni resistente ao calor<\/td>\n<td>Alta resist\u00eancia \u00e0 temperatura e \u00e0 oxida\u00e7\u00e3o<\/td>\n<td>Pe\u00e7as de forno, acess\u00f3rios para tratamento t\u00e9rmico<\/td>\n<\/tr>\n<tr>\n<td>HH<\/td>\n<td>J93503<\/td>\n<td>1.4848<\/td>\n<td>SCH22<\/td>\n<td>25Cr-12Ni resistente ao calor<\/td>\n<td>Melhor resist\u00eancia ao creep em altas temperaturas<\/td>\n<td>Rolos de fornos de recozimento, c\u00e2maras de combust\u00e3o<\/td>\n<\/tr>\n<tr>\n<td>HK<\/td>\n<td>J94224<\/td>\n<td>1.4861<\/td>\n<td>SCH24<\/td>\n<td>25Cr-20Ni-Si resistente ao calor<\/td>\n<td>Excelente resist\u00eancia \u00e0 alta temperatura<\/td>\n<td>Componentes de fornos<\/td>\n<\/tr>\n<\/tbody>\n<\/table>\n<p><strong>Por Que Escolher Nossa Fundi\u00e7\u00e3o em Areia de A\u00e7o Inoxid\u00e1vel?<\/strong><\/p>\n<ul>\n<li><strong>Experi\u00eancia:<\/strong> Mais de 30 anos no setor<\/li>\n<li><strong>Qualidade:<\/strong> Processos certificados pela ISO 9001:2015<\/li>\n<li><strong>Flexibilidade:<\/strong> Solu\u00e7\u00f5es personalizadas para requisitos \u00fanicos<\/li>\n<li><strong>Tecnologia Avan\u00e7ada:<\/strong> Instala\u00e7\u00f5es de simula\u00e7\u00e3o e testes de \u00faltima gera\u00e7\u00e3o<\/li>\n<li><strong>Pre\u00e7os Competitivos:<\/strong> Processos eficientes que se traduzem em economia de custos<\/li>\n<li><strong>Prazos Curtos:<\/strong> Entregas r\u00e1pidas sem comprometer a qualidade<\/li>\n<\/ul>\n<p>Entre em contato conosco hoje para discutir suas necessidades de fundi\u00e7\u00e3o em areia de a\u00e7o inoxid\u00e1vel e descubra como podemos fornecer a solu\u00e7\u00e3o perfeita para o seu projeto.<\/p>\n<p><strong>Termos Relacionados:<\/strong> Fundi\u00e7\u00e3o de investimento em a\u00e7o inoxid\u00e1vel, Fundi\u00e7\u00e3o a cera perdida em a\u00e7o inoxid\u00e1vel, Fundi\u00e7\u00e3o centr\u00edfuga em a\u00e7o inoxid\u00e1vel, Fundi\u00e7\u00e3o em a\u00e7o inoxid\u00e1vel sob press\u00e3o, Fundi\u00e7\u00e3o de precis\u00e3o em a\u00e7o inoxid\u00e1vel, Fundi\u00e7\u00e3o de a\u00e7o inoxid\u00e1vel, Fundi\u00e7\u00e3o de a\u00e7o inoxid\u00e1vel austen\u00edtico, Fundi\u00e7\u00e3o de a\u00e7o inoxid\u00e1vel martens\u00edtico, Fundi\u00e7\u00e3o de a\u00e7o inoxid\u00e1vel duplex, Fundi\u00e7\u00e3o CF8M, Fundi\u00e7\u00e3o em a\u00e7o inoxid\u00e1vel 316, Fundi\u00e7\u00e3o em a\u00e7o inoxid\u00e1vel resistente ao calor, Fundi\u00e7\u00e3o de a\u00e7o inoxid\u00e1vel resistente \u00e0 corros\u00e3o, Componentes fundidos em a\u00e7o inoxid\u00e1vel, Fundi\u00e7\u00f5es personalizadas em a\u00e7o inoxid\u00e1vel, Fundi\u00e7\u00e3o em areia verde de a\u00e7o inoxid\u00e1vel, Fundi\u00e7\u00e3o em areia qu\u00edmica de a\u00e7o inoxid\u00e1vel, Fundi\u00e7\u00e3o em areia com resina de a\u00e7o inoxid\u00e1vel, Fundi\u00e7\u00e3o em molde de areia de a\u00e7o inoxid\u00e1vel, Grandes fundi\u00e7\u00f5es em areia de a\u00e7o inoxid\u00e1vel, Pe\u00e7as de a\u00e7o inoxid\u00e1vel fundidas em areia, Processo de fundi\u00e7\u00e3o em areia de a\u00e7o inoxid\u00e1vel, Defeitos de fundi\u00e7\u00e3o em areia de a\u00e7o inoxid\u00e1vel, Ligas de fundi\u00e7\u00e3o em areia de a\u00e7o inoxid\u00e1vel, Fundi\u00e7\u00e3o em areia vs fundi\u00e7\u00e3o de investimento em a\u00e7o inoxid\u00e1vel, Fornecedores de fundi\u00e7\u00e3o em areia de a\u00e7o inoxid\u00e1vel, Fundi\u00e7\u00f5es industriais de a\u00e7o inoxid\u00e1vel em areia, Diretrizes de design para fundi\u00e7\u00e3o em areia de a\u00e7o inoxid\u00e1vel, Corpos de v\u00e1lvulas fundidos em areia de a\u00e7o inoxid\u00e1vel, Carca\u00e7a de bomba de a\u00e7o inoxid\u00e1vel fundida em areia.<\/p>\n\n\n","protected":false},"excerpt":{"rendered":"<p>Get Quote In 24 Hours Introdu\u00e7\u00e3oA fundi\u00e7\u00e3o em areia de a\u00e7o inoxid\u00e1vel \u00e9 um m\u00e9todo vers\u00e1til e econ\u00f4mico para produzir componentes de a\u00e7o inoxid\u00e1vel de alta qualidade. Nosso processo de fundi\u00e7\u00e3o em areia combina t\u00e9cnicas tradicionais com tecnologia moderna para oferecer resist\u00eancia superior \u00e0 corros\u00e3o, durabilidade e precis\u00e3o em uma ampla gama de ind\u00fastrias. Nossa [&hellip;]<\/p>\n","protected":false},"author":1,"featured_media":0,"parent":0,"menu_order":0,"comment_status":"closed","ping_status":"closed","template":"","meta":{"_joinchat":[],"footnotes":""},"class_list":["post-7215","page","type-page","status-publish","hentry"],"_links":{"self":[{"href":"https:\/\/conex-casting.com\/pt-br\/wp-json\/wp\/v2\/pages\/7215","targetHints":{"allow":["GET"]}}],"collection":[{"href":"https:\/\/conex-casting.com\/pt-br\/wp-json\/wp\/v2\/pages"}],"about":[{"href":"https:\/\/conex-casting.com\/pt-br\/wp-json\/wp\/v2\/types\/page"}],"author":[{"embeddable":true,"href":"https:\/\/conex-casting.com\/pt-br\/wp-json\/wp\/v2\/users\/1"}],"replies":[{"embeddable":true,"href":"https:\/\/conex-casting.com\/pt-br\/wp-json\/wp\/v2\/comments?post=7215"}],"version-history":[{"count":3,"href":"https:\/\/conex-casting.com\/pt-br\/wp-json\/wp\/v2\/pages\/7215\/revisions"}],"predecessor-version":[{"id":8661,"href":"https:\/\/conex-casting.com\/pt-br\/wp-json\/wp\/v2\/pages\/7215\/revisions\/8661"}],"wp:attachment":[{"href":"https:\/\/conex-casting.com\/pt-br\/wp-json\/wp\/v2\/media?parent=7215"}],"curies":[{"name":"wp","href":"https:\/\/api.w.org\/{rel}","templated":true}]}}