{"id":7498,"date":"2024-09-06T13:06:38","date_gmt":"2024-09-06T13:06:38","guid":{"rendered":"https:\/\/conex-casting.com\/?page_id=7498"},"modified":"2026-02-09T06:18:14","modified_gmt":"2026-02-09T06:18:14","slug":"fundicao-em-areia-de-latao","status":"publish","type":"page","link":"https:\/\/conex-casting.com\/pt-br\/fundicao-em-areia-de-latao\/","title":{"rendered":"Fundi\u00e7\u00e3o em Areia de Lat\u00e3o"},"content":{"rendered":"\n<p><img loading=\"lazy\" decoding=\"async\" class=\"alignnone size-medium wp-image-7517\" src=\"http:\/\/conex-casting.com\/wp-content\/uploads\/2024\/09\/Fundicao-em-areia-de-latao-300x300.webp\" alt=\"Fundi\u00e7\u00e3o em areia de lat\u00e3o\" width=\"300\" height=\"300\" srcset=\"https:\/\/conex-casting.com\/wp-content\/uploads\/2024\/09\/Fundicao-em-areia-de-latao-300x300.webp 300w, https:\/\/conex-casting.com\/wp-content\/uploads\/2024\/09\/Fundicao-em-areia-de-latao-150x150.webp 150w, https:\/\/conex-casting.com\/wp-content\/uploads\/2024\/09\/Fundicao-em-areia-de-latao.webp 512w\" sizes=\"auto, (max-width: 300px) 100vw, 300px\" \/> <img loading=\"lazy\" decoding=\"async\" class=\"alignnone size-medium wp-image-7511\" src=\"http:\/\/conex-casting.com\/wp-content\/uploads\/2024\/09\/Fundicao-em-areia-de-latao-4-300x300.webp\" alt=\"Fundi\u00e7\u00e3o em areia de lat\u00e3o 4\" width=\"300\" height=\"300\" srcset=\"https:\/\/conex-casting.com\/wp-content\/uploads\/2024\/09\/Fundicao-em-areia-de-latao-4-300x300.webp 300w, https:\/\/conex-casting.com\/wp-content\/uploads\/2024\/09\/Fundicao-em-areia-de-latao-4-150x150.webp 150w, https:\/\/conex-casting.com\/wp-content\/uploads\/2024\/09\/Fundicao-em-areia-de-latao-4.webp 512w\" sizes=\"auto, (max-width: 300px) 100vw, 300px\" \/> <img loading=\"lazy\" decoding=\"async\" class=\"alignnone size-medium wp-image-7505\" src=\"http:\/\/conex-casting.com\/wp-content\/uploads\/2024\/09\/Fundicao-em-areia-de-latao-3-300x300.webp\" alt=\"Fundi\u00e7\u00e3o em areia de lat\u00e3o 3\" width=\"300\" height=\"300\" srcset=\"https:\/\/conex-casting.com\/wp-content\/uploads\/2024\/09\/Fundicao-em-areia-de-latao-3-300x300.webp 300w, https:\/\/conex-casting.com\/wp-content\/uploads\/2024\/09\/Fundicao-em-areia-de-latao-3-150x150.webp 150w, https:\/\/conex-casting.com\/wp-content\/uploads\/2024\/09\/Fundicao-em-areia-de-latao-3.webp 512w\" sizes=\"auto, (max-width: 300px) 100vw, 300px\" \/> <img loading=\"lazy\" decoding=\"async\" class=\"alignnone size-medium wp-image-7499\" src=\"http:\/\/conex-casting.com\/wp-content\/uploads\/2024\/09\/Fundicao-em-areia-de-latao-2-300x300.webp\" alt=\"Fundi\u00e7\u00e3o em areia de lat\u00e3o 2\" width=\"300\" height=\"300\" srcset=\"https:\/\/conex-casting.com\/wp-content\/uploads\/2024\/09\/Fundicao-em-areia-de-latao-2-300x300.webp 300w, https:\/\/conex-casting.com\/wp-content\/uploads\/2024\/09\/Fundicao-em-areia-de-latao-2-150x150.webp 150w, https:\/\/conex-casting.com\/wp-content\/uploads\/2024\/09\/Fundicao-em-areia-de-latao-2.webp 512w\" sizes=\"auto, (max-width: 300px) 100vw, 300px\" \/><\/p>\n<p style=\"text-align: center;\"><a class=\"maxbutton-1 maxbutton maxbutton-product-page-button open-popup-modal\"><span class=\"mb-text\">Get Quote In 24 Hours<\/span><\/a><\/p>\n<p>O processo de fundi\u00e7\u00e3o em areia de lat\u00e3o \u00e9 um m\u00e9todo vers\u00e1til e econ\u00f4mico para a produ\u00e7\u00e3o de componentes de lat\u00e3o. Esse processo permite a cria\u00e7\u00e3o de formas complexas com boa precis\u00e3o dimensional e acabamento superficial. O lat\u00e3o, uma liga de cobre e zinco, \u00e9 valorizado por sua resist\u00eancia \u00e0 corros\u00e3o, apelo est\u00e9tico e usinabilidade. Somos um dos maiores fabricantes, fornecedores e exportadores de fundi\u00e7\u00f5es de lat\u00e3o na \u00cdndia, e nossa fundi\u00e7\u00e3o de lat\u00e3o em Jamnagar, \u00cdndia, est\u00e1 bem equipada para fornecer pe\u00e7as fundidas em areia de lat\u00e3o que variam de 20 gramas a 20 quilos. Tamb\u00e9m podemos oferecer usinagem CNC dessas pe\u00e7as fundidas em lat\u00e3o e realizar acabamentos em cromo, n\u00edquel e estanho, conforme necess\u00e1rio.<\/p>\n<h3>M\u00e9todo de fundi\u00e7\u00e3o em areia de lat\u00e3o:<\/h3>\n<ol>\n<li>\n<p><strong>Fundi\u00e7\u00e3o em areia verde \/ Fundi\u00e7\u00e3o em areia preta<\/strong><br \/>A fundi\u00e7\u00e3o em areia verde \u00e9 o m\u00e9todo mais comum utilizado para a fundi\u00e7\u00e3o de lat\u00e3o.<\/p>\n<p><strong>Processo:<\/strong><\/p>\n<ul>\n<li>Preparar a mistura de areia (areia de s\u00edlica, argila, \u00e1gua e aditivos)<\/li>\n<li>Criar o molde compactando a areia ao redor de um padr\u00e3o<\/li>\n<li>Remover o padr\u00e3o, criando uma cavidade<\/li>\n<li>Adicionar n\u00facleos, se necess\u00e1rio, para caracter\u00edsticas internas<\/li>\n<li>Derramar o lat\u00e3o fundido no molde<\/li>\n<li>Permitir que a fundi\u00e7\u00e3o esfrie e solidifique<\/li>\n<li>Quebrar o molde de areia e remover a fundi\u00e7\u00e3o<\/li>\n<li>Realizar opera\u00e7\u00f5es de acabamento, conforme necess\u00e1rio<\/li>\n<\/ul>\n<p><strong>Vantagens da fundi\u00e7\u00e3o em areia de lat\u00e3o:<\/strong><\/p>\n<ul>\n<li>Baixo custo<\/li>\n<li>Produ\u00e7\u00e3o r\u00e1pida<\/li>\n<li>Adequado para pequenas e grandes quantidades<\/li>\n<li>Compat\u00edvel com uma ampla gama de ligas de lat\u00e3o<\/li>\n<\/ul>\n<\/li>\n<li>\n<p><strong>Fundi\u00e7\u00e3o em areia qu\u00edmica (Air Set Sand Casting)<\/strong><br \/>Esse m\u00e9todo utiliza areia quimicamente aglutinada para melhorar a precis\u00e3o.<\/p>\n<p><strong>Processo:<\/strong><\/p>\n<ul>\n<li>Misturar a areia com aglutinantes qu\u00edmicos<\/li>\n<li>Criar o molde usando a areia quimicamente aglutinada<\/li>\n<li>Permitir que o molde cure (endure\u00e7a)<\/li>\n<li>Derramar o lat\u00e3o fundido no molde<\/li>\n<li>Permitir que esfrie e solidifique<\/li>\n<li>Quebrar o molde e remover a fundi\u00e7\u00e3o<\/li>\n<\/ul>\n<p><strong>Vantagens:<\/strong><\/p>\n<ul>\n<li>Melhor precis\u00e3o dimensional do que a fundi\u00e7\u00e3o em areia verde<\/li>\n<li>Melhor acabamento superficial<\/li>\n<li>Adequado para formas mais complexas<\/li>\n<\/ul>\n<\/li>\n<\/ol>\n<h3>Ligas de lat\u00e3o para fundi\u00e7\u00e3o em areia<\/h3>\n<table border=\"1\">\n<thead>\n<tr style=\"background-color: #ccc;\">\n<th>Designa\u00e7\u00e3o da liga<\/th>\n<th>Nome comum<\/th>\n<th>Composi\u00e7\u00e3o<\/th>\n<th>Propriedades<\/th>\n<th>Propriedades mec\u00e2nicas<\/th>\n<th>Aplica\u00e7\u00f5es t\u00edpicas<\/th>\n<\/tr>\n<\/thead>\n<tbody>\n<tr>\n<td><strong>C83600<\/strong><\/td>\n<td>85-5-5-5 ou \u201cLat\u00e3o vermelho\u201d<\/td>\n<td>85% Cu, 5% Sn, 5% Pb, 5% Zn<\/td>\n<td>Boa resist\u00eancia \u00e0 corros\u00e3o, alta resist\u00eancia, boa usinabilidade<\/td>\n<td>Resist\u00eancia \u00e0 tra\u00e7\u00e3o: 234 MPa, Limite de escoamento: 117 MPa, Alongamento: 20%<\/td>\n<td>Conex\u00f5es de encanamento, ferragens mar\u00edtimas, impulsores de bombas<\/td>\n<\/tr>\n<tr>\n<td><strong>C84400<\/strong><\/td>\n<td>81-3-7-9 ou \u201cLat\u00e3o semi-vermelho\u201d<\/td>\n<td>81% Cu, 3% Sn, 7% Pb, 9% Zn<\/td>\n<td>Boa usinabilidade, resist\u00eancia moderada, veda\u00e7\u00e3o \u00e0 press\u00e3o<\/td>\n<td>Resist\u00eancia \u00e0 tra\u00e7\u00e3o: 221 MPa, Limite de escoamento: 110 MPa, Alongamento: 25%<\/td>\n<td>Engrenagens, buchas, corpos de v\u00e1lvulas, fundi\u00e7\u00f5es de uso geral<\/td>\n<\/tr>\n<tr>\n<td><strong>C85200<\/strong><\/td>\n<td>Lat\u00e3o amarelo<\/td>\n<td>72% Cu, 1% Sn, 3% Pb, 24% Zn<\/td>\n<td>Alta ductilidade, boa trabalhabilidade a frio, resist\u00eancia \u00e0 corros\u00e3o moderada<\/td>\n<td>Resist\u00eancia \u00e0 tra\u00e7\u00e3o: 303 MPa, Limite de escoamento: 152 MPa, Alongamento: 35%<\/td>\n<td>Ferragens decorativas, v\u00e1lvulas de baixa press\u00e3o, pe\u00e7as ornamentais<\/td>\n<\/tr>\n<tr>\n<td><strong>C86300<\/strong><\/td>\n<td>Bronze mangan\u00eas<\/td>\n<td>60% Cu, 39% Zn, 1% Mn, tra\u00e7o de Fe<\/td>\n<td>Alta resist\u00eancia, boa resist\u00eancia ao desgaste, resist\u00eancia \u00e0 corros\u00e3o moderada<\/td>\n<td>Resist\u00eancia \u00e0 tra\u00e7\u00e3o: 586 MPa, Limite de escoamento: 276 MPa, Alongamento: 25%<\/td>\n<td>Engrenagens, rodas helicoidais, h\u00e9lices mar\u00edtimas, buchas de alta resist\u00eancia<\/td>\n<\/tr>\n<tr>\n<td><strong>C87850<\/strong><\/td>\n<td>Lat\u00e3o ao sil\u00edcio<\/td>\n<td>82% Cu, 14% Zn, 4% Si<\/td>\n<td>Excelente resist\u00eancia \u00e0 corros\u00e3o, alta resist\u00eancia, livre de chumbo<\/td>\n<td>Resist\u00eancia \u00e0 tra\u00e7\u00e3o: 379 MPa, Limite de escoamento: 193 MPa, Alongamento: 20%<\/td>\n<td>Aplica\u00e7\u00f5es em \u00e1gua pot\u00e1vel, ferragens mar\u00edtimas, equipamentos de processamento de alimentos<\/td>\n<\/tr>\n<tr>\n<td><strong>C90300<\/strong><\/td>\n<td>Bronze ao estanho<\/td>\n<td>88% Cu, 8% Sn, 4% Zn<\/td>\n<td>Alta resist\u00eancia \u00e0 corros\u00e3o, boa resist\u00eancia, resist\u00eancia ao desgaste<\/td>\n<td>Resist\u00eancia \u00e0 tra\u00e7\u00e3o: 310 MPa, Limite de escoamento: 152 MPa, Alongamento: 25%<\/td>\n<td>Componentes mar\u00edtimos, impulsores de bombas, assentos de v\u00e1lvulas, engrenagens<\/td>\n<\/tr>\n<tr>\n<td><strong>C92200<\/strong><\/td>\n<td>Navy M<\/td>\n<td>88% Cu, 6% Sn, 1.5% Pb, 4.5% Zn<\/td>\n<td>Excelente resist\u00eancia \u00e0 corros\u00e3o em \u00e1gua salgada, boa resist\u00eancia<\/td>\n<td>Resist\u00eancia \u00e0 tra\u00e7\u00e3o: 276 MPa, Limite de escoamento: 138 MPa, Alongamento: 20%<\/td>\n<td>V\u00e1lvulas mar\u00edtimas, h\u00e9lices, carca\u00e7as de bombas, acess\u00f3rios de barcos<\/td>\n<\/tr>\n<tr>\n<td><strong>C93200<\/strong><\/td>\n<td>Bronze ao estanho com alto teor de chumbo<\/td>\n<td>83% Cu, 7% Sn, 7% Pb, 3% Zn<\/td>\n<td>Excelente usinabilidade, boas propriedades de rolamento<\/td>\n<td>Resist\u00eancia \u00e0 tra\u00e7\u00e3o: 241 MPa, Limite de escoamento: 124 MPa, Alongamento: 20%<\/td>\n<td>Rolamentos, buchas, placas de desgaste, arruelas de empuxo<\/td>\n<\/tr>\n<tr>\n<td><strong>C94300<\/strong><\/td>\n<td>Bronze ao estanho com alto teor de chumbo<\/td>\n<td>70% Cu, 5% Sn, 25% Pb<\/td>\n<td>Usinabilidade excepcional, baixo atrito, autolubrificante<\/td>\n<td>Resist\u00eancia \u00e0 tra\u00e7\u00e3o: 172 MPa, Limite de escoamento: 83 MPa, Alongamento: 20%<\/td>\n<td>Rolamentos de alta resist\u00eancia, superf\u00edcies deslizantes, buchas<\/td>\n<\/tr>\n<tr>\n<td><strong>C95400<\/strong><\/td>\n<td>Bronze ao alum\u00ednio<\/td>\n<td>85% Cu, 11% Al, 4% Fe<\/td>\n<td>Alta resist\u00eancia, excelente resist\u00eancia ao desgaste, boa resist\u00eancia \u00e0 corros\u00e3o<\/td>\n<td>Resist\u00eancia \u00e0 tra\u00e7\u00e3o: 586 MPa, Limite de escoamento: 241 MPa, Alongamento: 18%<\/td>\n<td>Rolamentos, engrenagens, h\u00e9lices mar\u00edtimas, componentes de bombas<\/td>\n<\/tr>\n<tr>\n<td><strong>C87500<\/strong><\/td>\n<td>Lat\u00e3o ao sil\u00edcio<\/td>\n<td>80% Cu, 16% Zn, 4% Si<\/td>\n<td>Boa resist\u00eancia, excelente resist\u00eancia \u00e0 corros\u00e3o, livre de chumbo<\/td>\n<td>Resist\u00eancia \u00e0 tra\u00e7\u00e3o: 414 MPa, Limite de escoamento: 207 MPa, Alongamento: 20%<\/td>\n<td>V\u00e1lvulas, conex\u00f5es, ferragens mar\u00edtimas, equipamentos de processamento de alimentos<\/td>\n<\/tr>\n<tr>\n<td><strong>C87800<\/strong><\/td>\n<td>Bronze ao sil\u00edcio<\/td>\n<td>95% Cu, 1% Zn, 4% Si<\/td>\n<td>Alta resist\u00eancia, excelente resist\u00eancia \u00e0 corros\u00e3o, boa soldabilidade<\/td>\n<td>Resist\u00eancia \u00e0 tra\u00e7\u00e3o: 482 MPa, Limite de escoamento: 207 MPa, Alongamento: 20%<\/td>\n<td>Conex\u00f5es mar\u00edtimas, ferragens arquitet\u00f4nicas, componentes el\u00e9tricos<\/td>\n<\/tr>\n<tr>\n<td><strong>C95500<\/strong><\/td>\n<td>Bronze ao alum\u00ednio-n\u00edquel<\/td>\n<td>81% Cu, 9% Al, 5% Ni, 5% Fe<\/td>\n<td>Muito alta resist\u00eancia, excelente resist\u00eancia \u00e0 corros\u00e3o e ao desgaste<\/td>\n<td>Resist\u00eancia \u00e0 tra\u00e7\u00e3o: 724 MPa, Limite de escoamento: 310 MPa, Alongamento: 15%<\/td>\n<td>H\u00e9lices mar\u00edtimas, impulsores de bombas, componentes de v\u00e1lvulas, aplica\u00e7\u00f5es offshore<\/td>\n<\/tr>\n<tr>\n<td><strong>C97600<\/strong><\/td>\n<td>Bronze ao n\u00edquel e chumbo<\/td>\n<td>64% Cu, 5% Sn, 2% Pb, 24% Zn, 5% Ni<\/td>\n<td>Boa resist\u00eancia ao desgaste, resist\u00eancia moderada, boa usinabilidade<\/td>\n<td>Resist\u00eancia \u00e0 tra\u00e7\u00e3o: 310 MPa, Limite de escoamento: 152 MPa, Alongamento: 25%<\/td>\n<td>Rolamentos, buchas, placas de desgaste, componentes de bombas<\/td>\n<\/tr>\n<tr>\n<td><strong>C99500<\/strong><\/td>\n<td>Lat\u00e3o amarelo de alta resist\u00eancia<\/td>\n<td>58% Cu, 39% Zn, 1.5% Mn, 1% Fe, 0.5% Sn<\/td>\n<td>Alta resist\u00eancia, boa ductilidade, resist\u00eancia \u00e0 corros\u00e3o moderada<\/td>\n<td>Resist\u00eancia \u00e0 tra\u00e7\u00e3o: 517 MPa, Limite de escoamento: 241 MPa, Alongamento: 20%<\/td>\n<td>Engrenagens, rodas dentadas, conex\u00f5es, acess\u00f3rios de encanamento<\/td>\n<\/tr>\n<\/tbody>\n<\/table>\n<h3>Ind\u00fastrias atendidas por fundi\u00e7\u00f5es de lat\u00e3o<\/h3>\n<ul>\n<li><strong>Constru\u00e7\u00e3o civil:<\/strong> Componentes arquitet\u00f4nicos como ma\u00e7anetas, corrim\u00e3os, lumin\u00e1rias.<\/li>\n<li><strong>Automotiva:<\/strong> Componentes como radiadores, corpos de carburadores, acess\u00f3rios de encanamento.<\/li>\n<li><strong>Marinha:<\/strong> H\u00e9lices, lemes, passadores de casco, peneiras de \u00e1gua do mar.<\/li>\n<li><strong>Instrumentos musicais:<\/strong> Instrumentos de sopro e pe\u00e7as ac\u00fasticas.<\/li>\n<li><strong>El\u00e9trica:<\/strong> Componentes como conectores, terminais e interruptores.<\/li>\n<li><strong>Aeroespacial:<\/strong> Componentes n\u00e3o estruturais que precisam de alta resist\u00eancia e resist\u00eancia \u00e0 corros\u00e3o.<\/li>\n<\/ul>\n<h3>Pe\u00e7as t\u00edpicas fundidas em lat\u00e3o<\/h3>\n<ul>\n<li>Acess\u00f3rios de encanamento (torneiras, v\u00e1lvulas, acess\u00f3rios de tubos)<\/li>\n<li>Conex\u00f5es de mangueiras de lat\u00e3o, acoplamentos e bocais<\/li>\n<li>Ferragens mar\u00edtimas (h\u00e9lices, lemes, passadores de casco, peneiras, acess\u00f3rios de barcos)<\/li>\n<li>Elementos arquitet\u00f4nicos decorativos (ma\u00e7anetas, corrim\u00e3os, lumin\u00e1rias)<\/li>\n<li>Componentes industriais (impulsores de bombas, corpos de v\u00e1lvulas, engrenagens)<\/li>\n<li>Componentes el\u00e9tricos (caixas de interruptores, blocos terminais, conectores de linha)<\/li>\n<li>Pe\u00e7as automotivas (tanques de radiadores, corpos de carburadores)<\/li>\n<li>Rolamentos, buchas e placas de desgaste<\/li>\n<li>Acoplamentos e acess\u00f3rios hidr\u00e1ulicos<\/li>\n<li>Conectores el\u00e9tricos de lat\u00e3o para interruptores externos<\/li>\n<\/ul>\n<h3>Aplica\u00e7\u00f5es das fundi\u00e7\u00f5es de lat\u00e3o em areia<\/h3>\n<ul>\n<li><strong>Sistemas de encanamento e \u00e1gua:<\/strong> A resist\u00eancia \u00e0 corros\u00e3o e as propriedades antimicrobianas tornam o lat\u00e3o ideal para aplica\u00e7\u00f5es de contato com \u00e1gua.<\/li>\n<li><strong>Ind\u00fastria mar\u00edtima:<\/strong> Excelente resist\u00eancia \u00e0 corros\u00e3o em \u00e1gua salgada.<\/li>\n<li><strong>Setor automotivo:<\/strong> Usado em radiadores e v\u00e1rios componentes sob o cap\u00f4.<\/li>\n<li><strong>El\u00e9trica e eletr\u00f4nica:<\/strong> Boa condutividade el\u00e9trica e resist\u00eancia \u00e0 corros\u00e3o.<\/li>\n<li><strong>Arquitetura e design de interiores:<\/strong> Apelo est\u00e9tico e durabilidade para elementos decorativos.<\/li>\n<li><strong>Maquin\u00e1rio industrial:<\/strong> A resist\u00eancia ao desgaste e a usinabilidade fazem do lat\u00e3o uma boa escolha para diversos componentes mec\u00e2nicos.<\/li>\n<li><strong>Instrumentos musicais:<\/strong> As propriedades ac\u00fasticas e a trabalhabilidade s\u00e3o ideais para a fabrica\u00e7\u00e3o de instrumentos.<\/li>\n<li><strong>Ind\u00fastria de petr\u00f3leo e g\u00e1s:<\/strong> Resist\u00eancia \u00e0 corros\u00e3o e resist\u00eancia a fa\u00edscas em ambientes potencialmente explosivos.<\/li>\n<li><strong>Aeroespacial:<\/strong> Usado em v\u00e1rios componentes n\u00e3o estruturais devido \u00e0 sua usinabilidade e resist\u00eancia \u00e0 corros\u00e3o.<\/li>\n<\/ul>\n<p>A fundi\u00e7\u00e3o em areia de lat\u00e3o oferece um m\u00e9todo vers\u00e1til e econ\u00f4mico para produzir uma ampla gama de componentes em v\u00e1rias ind\u00fastrias. A escolha da liga de lat\u00e3o espec\u00edfica depende das propriedades necess\u00e1rias para cada aplica\u00e7\u00e3o, como resist\u00eancia, resist\u00eancia \u00e0 corros\u00e3o ou usinabilidade.<\/p>\n<h3>Termos relacionados \u00e0 fundi\u00e7\u00e3o em areia de lat\u00e3o<\/h3>\n<ul>\n<li>Fundi\u00e7\u00e3o de lat\u00e3o<\/li>\n<li>Fundi\u00e7\u00e3o em areia de lat\u00e3o<\/li>\n<li>Fundi\u00e7\u00e3o em molde permanente de lat\u00e3o<\/li>\n<li>Fundi\u00e7\u00e3o LG2, fundi\u00e7\u00e3o LG1<\/li>\n<li>Fundi\u00e7\u00e3o Ab1, fundi\u00e7\u00e3o Ab2<\/li>\n<li>Fundi\u00e7\u00e3o de bronze e lat\u00e3o<\/li>\n<li>Fundi\u00e7\u00e3o de lat\u00e3o na \u00cdndia<\/li>\n<li>Fundi\u00e7\u00e3o de cera perdida em lat\u00e3o<\/li>\n<li>Fundi\u00e7\u00e3o de lat\u00e3o CDA 360<\/li>\n<li>Fundi\u00e7\u00e3o centr\u00edfuga de lat\u00e3o<\/li>\n<li>Fundi\u00e7\u00e3o por gravidade de lat\u00e3o<\/li>\n<li>Ligas de fundi\u00e7\u00e3o de lat\u00e3o<\/li>\n<li>Fundi\u00e7\u00e3o de lat\u00e3o amarelo<\/li>\n<li>Fundi\u00e7\u00e3o de lat\u00e3o vermelho<\/li>\n<li>Fundi\u00e7\u00e3o de bronze (frequentemente buscado junto com lat\u00e3o)<\/li>\n<li>Fornecedores de fundi\u00e7\u00e3o de lat\u00e3o<\/li>\n<li>Processo de fundi\u00e7\u00e3o de lat\u00e3o<\/li>\n<li>Propriedades de fundi\u00e7\u00e3o de lat\u00e3o<\/li>\n<li>Aplica\u00e7\u00f5es de fundi\u00e7\u00e3o de lat\u00e3o<\/li>\n<li>Diretrizes de design de fundi\u00e7\u00e3o de lat\u00e3o<\/li>\n<li>T\u00e9cnicas de acabamento de fundi\u00e7\u00e3o de lat\u00e3o<\/li>\n<li>Fundi\u00e7\u00e3o de lat\u00e3o vs. usinagem<\/li>\n<li>Moldes de fundi\u00e7\u00e3o de lat\u00e3o<\/li>\n<li>Padr\u00f5es de fundi\u00e7\u00e3o de lat\u00e3o<\/li>\n<li>Metalurgia de fundi\u00e7\u00e3o de lat\u00e3o<\/li>\n<li>Fundi\u00e7\u00e3o de lat\u00e3o sem chumbo<\/li>\n<li>Fundi\u00e7\u00e3o de lat\u00e3o de alta resist\u00eancia<\/li>\n<li>Fundi\u00e7\u00e3o de lat\u00e3o para acess\u00f3rios de encanamento<\/li>\n<li>Fundi\u00e7\u00f5es mar\u00edtimas de lat\u00e3o<\/li>\n<li>Fundi\u00e7\u00f5es arquitet\u00f4nicas de lat\u00e3o<\/li>\n<li>Fundi\u00e7\u00f5es industriais de lat\u00e3o<\/li>\n<li>Fundi\u00e7\u00e3o de lat\u00e3o para instrumentos musicais<\/li>\n<li>Tratamento t\u00e9rmico de fundi\u00e7\u00e3o de lat\u00e3o<\/li>\n<li>Porosidade em fundi\u00e7\u00f5es de lat\u00e3o<\/li>\n<li>Contra\u00e7\u00e3o em fundi\u00e7\u00f5es de lat\u00e3o<\/li>\n<li>An\u00e1lise de custos em fundi\u00e7\u00e3o de lat\u00e3o<\/li>\n<\/ul>\n\n\n\n\n","protected":false},"excerpt":{"rendered":"<p>Get Quote In 24 Hours O processo de fundi\u00e7\u00e3o em areia de lat\u00e3o \u00e9 um m\u00e9todo vers\u00e1til e econ\u00f4mico para a produ\u00e7\u00e3o de componentes de lat\u00e3o. Esse processo permite a cria\u00e7\u00e3o de formas complexas com boa precis\u00e3o dimensional e acabamento superficial. O lat\u00e3o, uma liga de cobre e zinco, \u00e9 valorizado por sua resist\u00eancia \u00e0 [&hellip;]<\/p>\n","protected":false},"author":1,"featured_media":0,"parent":0,"menu_order":0,"comment_status":"closed","ping_status":"closed","template":"","meta":{"_joinchat":[],"footnotes":""},"class_list":["post-7498","page","type-page","status-publish","hentry"],"_links":{"self":[{"href":"https:\/\/conex-casting.com\/pt-br\/wp-json\/wp\/v2\/pages\/7498","targetHints":{"allow":["GET"]}}],"collection":[{"href":"https:\/\/conex-casting.com\/pt-br\/wp-json\/wp\/v2\/pages"}],"about":[{"href":"https:\/\/conex-casting.com\/pt-br\/wp-json\/wp\/v2\/types\/page"}],"author":[{"embeddable":true,"href":"https:\/\/conex-casting.com\/pt-br\/wp-json\/wp\/v2\/users\/1"}],"replies":[{"embeddable":true,"href":"https:\/\/conex-casting.com\/pt-br\/wp-json\/wp\/v2\/comments?post=7498"}],"version-history":[{"count":2,"href":"https:\/\/conex-casting.com\/pt-br\/wp-json\/wp\/v2\/pages\/7498\/revisions"}],"predecessor-version":[{"id":8668,"href":"https:\/\/conex-casting.com\/pt-br\/wp-json\/wp\/v2\/pages\/7498\/revisions\/8668"}],"wp:attachment":[{"href":"https:\/\/conex-casting.com\/pt-br\/wp-json\/wp\/v2\/media?parent=7498"}],"curies":[{"name":"wp","href":"https:\/\/api.w.org\/{rel}","templated":true}]}}