{"id":8047,"date":"2026-01-03T07:35:15","date_gmt":"2026-01-03T07:35:15","guid":{"rendered":"https:\/\/conex-casting.com\/?page_id=8047"},"modified":"2026-02-06T06:14:02","modified_gmt":"2026-02-06T06:14:02","slug":"fundicao-em-molde-permanente","status":"publish","type":"page","link":"https:\/\/conex-casting.com\/pt-br\/fundicao-em-molde-permanente\/","title":{"rendered":"Fundi\u00e7\u00e3o em molde permanente"},"content":{"rendered":"\n<p><img loading=\"lazy\" decoding=\"async\" class=\"size-medium wp-image-7949 aligncenter\" src=\"http:\/\/conex-casting.com\/wp-content\/uploads\/2026\/01\/bronze-permanent-mold-casting-300x300.jpg\" alt=\"bronze-permanent-mold-casting\" width=\"300\" height=\"300\" srcset=\"https:\/\/conex-casting.com\/wp-content\/uploads\/2026\/01\/bronze-permanent-mold-casting-300x300.jpg 300w, https:\/\/conex-casting.com\/wp-content\/uploads\/2026\/01\/bronze-permanent-mold-casting-150x150.jpg 150w, https:\/\/conex-casting.com\/wp-content\/uploads\/2026\/01\/bronze-permanent-mold-casting-768x768.jpg 768w, https:\/\/conex-casting.com\/wp-content\/uploads\/2026\/01\/bronze-permanent-mold-casting-640x640.jpg 640w, https:\/\/conex-casting.com\/wp-content\/uploads\/2026\/01\/bronze-permanent-mold-casting.jpg 1024w\" sizes=\"auto, (max-width: 300px) 100vw, 300px\" \/><\/p>\n<p><strong><span dir=\"auto\">A fundi\u00e7\u00e3o em molde permanente<\/span><\/strong><span dir=\"auto\">\u00a0, tamb\u00e9m conhecida como\u00a0<\/span><strong><span dir=\"auto\">fundi\u00e7\u00e3o por gravidade<\/span><\/strong><span dir=\"auto\">\u00a0, \u00e9 um processo avan\u00e7ado de conforma\u00e7\u00e3o de metais no qual o metal fundido \u00e9 vertido em moldes met\u00e1licos reutiliz\u00e1veis \u200b\u200bpara produzir pe\u00e7as fundidas de alta qualidade com precis\u00e3o dimensional superior, excelente acabamento superficial e propriedades mec\u00e2nicas aprimoradas. Ao contr\u00e1rio da fundi\u00e7\u00e3o em areia, onde os moldes s\u00e3o destru\u00eddos ap\u00f3s cada uso, os moldes permanentes, feitos de a\u00e7o ou ferro fundido, podem produzir centenas ou milhares de pe\u00e7as fundidas, tornando esse processo altamente econ\u00f4mico para volumes de produ\u00e7\u00e3o m\u00e9dios a altos.<\/span><\/p>\n<p style=\"text-align: center;\"><a class=\"maxbutton-1 maxbutton maxbutton-product-page-button open-popup-modal\"><span dir=\"auto\">Receba or\u00e7amentos em 24 horas.<\/span><\/a><\/p>\n<table style=\"border-collapse: collapse; width: 100%;\">\n<tbody>\n<tr>\n<td style=\"width: 33.3333%;\">\n<p><a href=\"https:\/\/conex-casting.com\/pt-br\/fundicao-em-molde-permanente-de-bronze\/\"><img loading=\"lazy\" decoding=\"async\" class=\"wp-image-7940 aligncenter\" src=\"http:\/\/conex-casting.com\/wp-content\/uploads\/2026\/01\/bronze-permanent-mold-casting1-300x300.jpg\" alt=\"bronze-permanent-mold-casting1\" width=\"215\" height=\"215\" srcset=\"https:\/\/conex-casting.com\/wp-content\/uploads\/2026\/01\/bronze-permanent-mold-casting1-300x300.jpg 300w, https:\/\/conex-casting.com\/wp-content\/uploads\/2026\/01\/bronze-permanent-mold-casting1-150x150.jpg 150w, https:\/\/conex-casting.com\/wp-content\/uploads\/2026\/01\/bronze-permanent-mold-casting1-768x768.jpg 768w, https:\/\/conex-casting.com\/wp-content\/uploads\/2026\/01\/bronze-permanent-mold-casting1-640x640.jpg 640w, https:\/\/conex-casting.com\/wp-content\/uploads\/2026\/01\/bronze-permanent-mold-casting1.jpg 1024w\" sizes=\"auto, (max-width: 215px) 100vw, 215px\" \/><\/a><\/p>\n<strong><a href=\"https:\/\/conex-casting.com\/pt-br\/fundicao-em-molde-permanente-de-bronze\/\">Fundi\u00e7\u00e3o em molde permanente de bronze e<\/a><\/strong><\/td>\n<td style=\"width: 33.3333%;\">\n<p><a href=\"https:\/\/conex-casting.com\/pt-br\/fundicao-em-molde-permanente-de-latao\/\"><img loading=\"lazy\" decoding=\"async\" class=\"alignnone size-medium wp-image-8064 aligncenter\" src=\"http:\/\/conex-casting.com\/wp-content\/uploads\/2026\/01\/Brass-Permanent-Mold-Casting1-300x200.jpg\" alt=\"Brass Permanent Mold Casting1\" width=\"300\" height=\"200\" srcset=\"https:\/\/conex-casting.com\/wp-content\/uploads\/2026\/01\/Brass-Permanent-Mold-Casting1-300x200.jpg 300w, https:\/\/conex-casting.com\/wp-content\/uploads\/2026\/01\/Brass-Permanent-Mold-Casting1-1024x683.jpg 1024w, https:\/\/conex-casting.com\/wp-content\/uploads\/2026\/01\/Brass-Permanent-Mold-Casting1-768x512.jpg 768w, https:\/\/conex-casting.com\/wp-content\/uploads\/2026\/01\/Brass-Permanent-Mold-Casting1-1170x782.jpg 1170w, https:\/\/conex-casting.com\/wp-content\/uploads\/2026\/01\/Brass-Permanent-Mold-Casting1.jpg 1536w\" sizes=\"auto, (max-width: 300px) 100vw, 300px\" \/><\/a><\/p>\n<a href=\"https:\/\/conex-casting.com\/pt-br\/fundicao-em-molde-permanente-de-latao\/\"><strong>fundi\u00e7\u00e3o em molde permanente de lat\u00e3o<\/strong><\/a><\/td>\n<td style=\"width: 33.3333%;\">\u00a0<\/td>\n<\/tr>\n<\/tbody>\n<\/table>\n","protected":false},"excerpt":{"rendered":"<p>A fundi\u00e7\u00e3o em molde permanente\u00a0, tamb\u00e9m conhecida como\u00a0fundi\u00e7\u00e3o por gravidade\u00a0, \u00e9 um processo avan\u00e7ado de conforma\u00e7\u00e3o de metais no qual o metal fundido \u00e9 vertido em moldes met\u00e1licos reutiliz\u00e1veis \u200b\u200bpara produzir pe\u00e7as fundidas de alta qualidade com precis\u00e3o dimensional superior, excelente acabamento superficial e propriedades mec\u00e2nicas aprimoradas. Ao contr\u00e1rio da fundi\u00e7\u00e3o em areia, onde os [&hellip;]<\/p>\n","protected":false},"author":1,"featured_media":0,"parent":0,"menu_order":0,"comment_status":"closed","ping_status":"closed","template":"","meta":{"_joinchat":[],"footnotes":""},"class_list":["post-8047","page","type-page","status-publish","hentry"],"_links":{"self":[{"href":"https:\/\/conex-casting.com\/pt-br\/wp-json\/wp\/v2\/pages\/8047","targetHints":{"allow":["GET"]}}],"collection":[{"href":"https:\/\/conex-casting.com\/pt-br\/wp-json\/wp\/v2\/pages"}],"about":[{"href":"https:\/\/conex-casting.com\/pt-br\/wp-json\/wp\/v2\/types\/page"}],"author":[{"embeddable":true,"href":"https:\/\/conex-casting.com\/pt-br\/wp-json\/wp\/v2\/users\/1"}],"replies":[{"embeddable":true,"href":"https:\/\/conex-casting.com\/pt-br\/wp-json\/wp\/v2\/comments?post=8047"}],"version-history":[{"count":3,"href":"https:\/\/conex-casting.com\/pt-br\/wp-json\/wp\/v2\/pages\/8047\/revisions"}],"predecessor-version":[{"id":8510,"href":"https:\/\/conex-casting.com\/pt-br\/wp-json\/wp\/v2\/pages\/8047\/revisions\/8510"}],"wp:attachment":[{"href":"https:\/\/conex-casting.com\/pt-br\/wp-json\/wp\/v2\/media?parent=8047"}],"curies":[{"name":"wp","href":"https:\/\/api.w.org\/{rel}","templated":true}]}}