{"id":8188,"date":"2026-01-05T11:32:14","date_gmt":"2026-01-05T11:32:14","guid":{"rendered":"https:\/\/conex-casting.com\/?page_id=8188"},"modified":"2026-02-06T07:06:45","modified_gmt":"2026-02-06T07:06:45","slug":"fundicao-eletrica","status":"publish","type":"page","link":"https:\/\/conex-casting.com\/pt-br\/fundicao-eletrica\/","title":{"rendered":"Fundi\u00e7\u00e3o El\u00e9trica"},"content":{"rendered":"\n<p>\u00a0<\/p>\n<table style=\"border-collapse: collapse; width: 100%;\">\n<tbody>\n<tr>\n<td style=\"width: 33.3333%;\">\n<p><a href=\"https:\/\/conex-casting.com\/pt-br\/bracadeiras-de-aluminio-para-linha-direta\/\"><img loading=\"lazy\" decoding=\"async\" class=\"size-medium wp-image-8147 aligncenter\" src=\"http:\/\/conex-casting.com\/wp-content\/uploads\/2026\/01\/Aluminum-Hotline-clamps-Aluminum-cast-Hotline-clamps-300x200.webp\" alt=\"Aluminum Hotline clamps, Aluminum cast Hotline clamps,\" width=\"300\" height=\"200\" srcset=\"https:\/\/conex-casting.com\/wp-content\/uploads\/2026\/01\/Aluminum-Hotline-clamps-Aluminum-cast-Hotline-clamps-300x200.webp 300w, https:\/\/conex-casting.com\/wp-content\/uploads\/2026\/01\/Aluminum-Hotline-clamps-Aluminum-cast-Hotline-clamps-1024x683.webp 1024w, https:\/\/conex-casting.com\/wp-content\/uploads\/2026\/01\/Aluminum-Hotline-clamps-Aluminum-cast-Hotline-clamps-768x512.webp 768w, https:\/\/conex-casting.com\/wp-content\/uploads\/2026\/01\/Aluminum-Hotline-clamps-Aluminum-cast-Hotline-clamps-1170x782.webp 1170w, https:\/\/conex-casting.com\/wp-content\/uploads\/2026\/01\/Aluminum-Hotline-clamps-Aluminum-cast-Hotline-clamps.webp 1536w\" sizes=\"auto, (max-width: 300px) 100vw, 300px\" \/><\/a><\/p>\n<p style=\"text-align: center;\"><a href=\"https:\/\/conex-casting.com\/pt-br\/bracadeiras-de-aluminio-para-linha-direta\/\"><strong>Grampos de linha viva de alum\u00ednio<\/strong><\/a><\/p>\n<\/td>\n<td style=\"width: 33.3333%; text-align: center;\">\n<p><a href=\"https:\/\/conex-casting.com\/pt-br\/conectores-de-cunha-de-bronze\/\"><img loading=\"lazy\" decoding=\"async\" class=\"size-medium wp-image-8235 aligncenter\" src=\"http:\/\/conex-casting.com\/wp-content\/uploads\/2026\/01\/bronze-connectorswedge-tap-connectorsbronze-tap-connectors-300x200.jpg\" alt=\"bronze-connectors,wedge-tap-connectors,bronze-tap-connectors\" width=\"300\" height=\"200\" srcset=\"https:\/\/conex-casting.com\/wp-content\/uploads\/2026\/01\/bronze-connectorswedge-tap-connectorsbronze-tap-connectors-300x200.jpg 300w, https:\/\/conex-casting.com\/wp-content\/uploads\/2026\/01\/bronze-connectorswedge-tap-connectorsbronze-tap-connectors-1024x683.jpg 1024w, https:\/\/conex-casting.com\/wp-content\/uploads\/2026\/01\/bronze-connectorswedge-tap-connectorsbronze-tap-connectors-768x512.jpg 768w, https:\/\/conex-casting.com\/wp-content\/uploads\/2026\/01\/bronze-connectorswedge-tap-connectorsbronze-tap-connectors-1170x782.jpg 1170w, https:\/\/conex-casting.com\/wp-content\/uploads\/2026\/01\/bronze-connectorswedge-tap-connectorsbronze-tap-connectors.jpg 1536w\" sizes=\"auto, (max-width: 300px) 100vw, 300px\" \/><\/a><\/p>\n<p><a href=\"https:\/\/conex-casting.com\/pt-br\/conectores-de-cunha-de-bronze\/\"><strong>Conectores de cunha de bronze<\/strong><\/a><\/p>\n<\/td>\n<td style=\"width: 33.3333%; text-align: center;\">\n<p><a href=\"https:\/\/conex-casting.com\/pt-br\/conectores-de-cunha-de-aluminio\/\"><img loading=\"lazy\" decoding=\"async\" class=\"wp-image-8299 aligncenter\" src=\"http:\/\/conex-casting.com\/wp-content\/uploads\/2026\/01\/Aluminum-Wedge-Connectors-Bolted-Wedge-Connectors-Bolted-Aluminum-Connectors-300x300.webp\" alt=\"Aluminum Wedge Connectors, Bolted Wedge Connectors, Bolted Aluminum Connectors\" width=\"196\" height=\"196\" srcset=\"https:\/\/conex-casting.com\/wp-content\/uploads\/2026\/01\/Aluminum-Wedge-Connectors-Bolted-Wedge-Connectors-Bolted-Aluminum-Connectors-300x300.webp 300w, https:\/\/conex-casting.com\/wp-content\/uploads\/2026\/01\/Aluminum-Wedge-Connectors-Bolted-Wedge-Connectors-Bolted-Aluminum-Connectors-150x150.webp 150w, https:\/\/conex-casting.com\/wp-content\/uploads\/2026\/01\/Aluminum-Wedge-Connectors-Bolted-Wedge-Connectors-Bolted-Aluminum-Connectors-768x768.webp 768w, https:\/\/conex-casting.com\/wp-content\/uploads\/2026\/01\/Aluminum-Wedge-Connectors-Bolted-Wedge-Connectors-Bolted-Aluminum-Connectors-640x640.webp 640w, https:\/\/conex-casting.com\/wp-content\/uploads\/2026\/01\/Aluminum-Wedge-Connectors-Bolted-Wedge-Connectors-Bolted-Aluminum-Connectors.webp 1024w\" sizes=\"auto, (max-width: 196px) 100vw, 196px\" \/><\/a><\/p>\n<a href=\"https:\/\/conex-casting.com\/pt-br\/conectores-de-cunha-de-aluminio\/\"><strong>Conectores de cunha de alum\u00ednio<\/strong><\/a><\/td>\n<\/tr>\n<tr>\n<td style=\"width: 33.3333%; text-align: center;\"><a href=\"https:\/\/conex-casting.com\/pt-br\/grampos-de-bronze-em-formato-de-bolota\/\"><img loading=\"lazy\" decoding=\"async\" class=\"size-medium wp-image-8399 aligncenter\" src=\"http:\/\/conex-casting.com\/wp-content\/uploads\/2026\/01\/Ground-rod-clamps-Bronze-acorn-ground-clamps-Bronze-5-8-and-3-4-ground-rod-clamps-300x200.webp\" alt=\"Ground rod clamps, Bronze acorn ground clamps, Bronze 5-8 and 3-4 ground rod clamps\" width=\"300\" height=\"200\" srcset=\"https:\/\/conex-casting.com\/wp-content\/uploads\/2026\/01\/Ground-rod-clamps-Bronze-acorn-ground-clamps-Bronze-5-8-and-3-4-ground-rod-clamps-300x200.webp 300w, https:\/\/conex-casting.com\/wp-content\/uploads\/2026\/01\/Ground-rod-clamps-Bronze-acorn-ground-clamps-Bronze-5-8-and-3-4-ground-rod-clamps-1024x683.webp 1024w, https:\/\/conex-casting.com\/wp-content\/uploads\/2026\/01\/Ground-rod-clamps-Bronze-acorn-ground-clamps-Bronze-5-8-and-3-4-ground-rod-clamps-768x512.webp 768w, https:\/\/conex-casting.com\/wp-content\/uploads\/2026\/01\/Ground-rod-clamps-Bronze-acorn-ground-clamps-Bronze-5-8-and-3-4-ground-rod-clamps-1170x782.webp 1170w, https:\/\/conex-casting.com\/wp-content\/uploads\/2026\/01\/Ground-rod-clamps-Bronze-acorn-ground-clamps-Bronze-5-8-and-3-4-ground-rod-clamps.webp 1536w\" sizes=\"auto, (max-width: 300px) 100vw, 300px\" \/><\/a><br \/><a href=\"https:\/\/conex-casting.com\/pt-br\/grampos-de-bronze-em-formato-de-bolota\/\"><strong>Grampos tipo bolota de bronze<\/strong><\/a><\/td>\n<td style=\"width: 33.3333%; text-align: center;\">\n<p><a href=\"https:\/\/conex-casting.com\/pt-br\/conectores-de-torno-de-aluminio\/\"><img loading=\"lazy\" decoding=\"async\" class=\"alignnone  wp-image-8444\" src=\"http:\/\/conex-casting.com\/wp-content\/uploads\/2026\/01\/Aluminum-ground-clamps-connectors-300x300.jpeg\" alt=\"Aluminum-ground-clamps-connectors\" width=\"208\" height=\"208\" srcset=\"https:\/\/conex-casting.com\/wp-content\/uploads\/2026\/01\/Aluminum-ground-clamps-connectors-300x300.jpeg 300w, https:\/\/conex-casting.com\/wp-content\/uploads\/2026\/01\/Aluminum-ground-clamps-connectors-150x150.jpeg 150w, https:\/\/conex-casting.com\/wp-content\/uploads\/2026\/01\/Aluminum-ground-clamps-connectors-768x768.jpeg 768w, https:\/\/conex-casting.com\/wp-content\/uploads\/2026\/01\/Aluminum-ground-clamps-connectors-640x640.jpeg 640w, https:\/\/conex-casting.com\/wp-content\/uploads\/2026\/01\/Aluminum-ground-clamps-connectors.jpeg 1024w\" sizes=\"auto, (max-width: 208px) 100vw, 208px\" \/><\/a><\/p>\n<a href=\"https:\/\/conex-casting.com\/pt-br\/conectores-de-torno-de-aluminio\/\"><strong>Conectores tipo morsa de alum\u00ednio<\/strong><\/a><\/td>\n<td style=\"width: 33.3333%;\">\u00a0<\/td>\n<\/tr>\n<\/tbody>\n<\/table>\n\n\n\n<p style=\"text-align: center;\"><strong><a class=\"maxbutton-1 maxbutton maxbutton-product-page-button open-popup-modal\"><span dir=\"auto\">Receba or\u00e7amentos em 24 horas<\/span><\/a><\/strong><\/p>\n\n\n","protected":false},"excerpt":{"rendered":"<p>\u00a0 Grampos de linha viva de alum\u00ednio Conectores de cunha de bronze Conectores de cunha de alum\u00ednio Grampos tipo bolota de bronze Conectores tipo morsa de alum\u00ednio \u00a0 Receba or\u00e7amentos em 24 horas<\/p>\n","protected":false},"author":1,"featured_media":0,"parent":0,"menu_order":0,"comment_status":"closed","ping_status":"closed","template":"","meta":{"_joinchat":[],"footnotes":""},"class_list":["post-8188","page","type-page","status-publish","hentry"],"_links":{"self":[{"href":"https:\/\/conex-casting.com\/pt-br\/wp-json\/wp\/v2\/pages\/8188","targetHints":{"allow":["GET"]}}],"collection":[{"href":"https:\/\/conex-casting.com\/pt-br\/wp-json\/wp\/v2\/pages"}],"about":[{"href":"https:\/\/conex-casting.com\/pt-br\/wp-json\/wp\/v2\/types\/page"}],"author":[{"embeddable":true,"href":"https:\/\/conex-casting.com\/pt-br\/wp-json\/wp\/v2\/users\/1"}],"replies":[{"embeddable":true,"href":"https:\/\/conex-casting.com\/pt-br\/wp-json\/wp\/v2\/comments?post=8188"}],"version-history":[{"count":9,"href":"https:\/\/conex-casting.com\/pt-br\/wp-json\/wp\/v2\/pages\/8188\/revisions"}],"predecessor-version":[{"id":8530,"href":"https:\/\/conex-casting.com\/pt-br\/wp-json\/wp\/v2\/pages\/8188\/revisions\/8530"}],"wp:attachment":[{"href":"https:\/\/conex-casting.com\/pt-br\/wp-json\/wp\/v2\/media?parent=8188"}],"curies":[{"name":"wp","href":"https:\/\/api.w.org\/{rel}","templated":true}]}}