{"id":8462,"date":"2026-01-23T06:39:05","date_gmt":"2026-01-23T06:39:05","guid":{"rendered":"https:\/\/conex-casting.com\/?page_id=8462"},"modified":"2026-02-09T06:49:39","modified_gmt":"2026-02-09T06:49:39","slug":"conectores-de-torno-de-aluminio","status":"publish","type":"page","link":"https:\/\/conex-casting.com\/pt-br\/conectores-de-torno-de-aluminio\/","title":{"rendered":"Conectores de torno de alum\u00ednio"},"content":{"rendered":"\n<h1><strong><span dir=\"auto\">Conectores e grampos de alum\u00ednio para tornos de bancada<\/span><\/strong><\/h1>\n<p><strong><span dir=\"auto\">(Conectores de torno de alum\u00ednio e grampos de torno de alum\u00ednio)<\/span><\/strong><\/p>\n<p><img loading=\"lazy\" decoding=\"async\" class=\"alignnone  wp-image-8447\" src=\"http:\/\/conex-casting.com\/wp-content\/uploads\/2026\/01\/Aluminum-ground-clamps-connectors-300x300.jpeg\" alt=\"Aluminum-ground-clamps-connectors\" width=\"430\" height=\"430\" srcset=\"https:\/\/conex-casting.com\/wp-content\/uploads\/2026\/01\/Aluminum-ground-clamps-connectors-300x300.jpeg 300w, https:\/\/conex-casting.com\/wp-content\/uploads\/2026\/01\/Aluminum-ground-clamps-connectors-150x150.jpeg 150w, https:\/\/conex-casting.com\/wp-content\/uploads\/2026\/01\/Aluminum-ground-clamps-connectors-768x768.jpeg 768w, https:\/\/conex-casting.com\/wp-content\/uploads\/2026\/01\/Aluminum-ground-clamps-connectors-640x640.jpeg 640w, https:\/\/conex-casting.com\/wp-content\/uploads\/2026\/01\/Aluminum-ground-clamps-connectors.jpeg 1024w\" sizes=\"auto, (max-width: 430px) 100vw, 430px\" \/><\/p>\n<p><img loading=\"lazy\" decoding=\"async\" class=\"alignnone  wp-image-8441\" src=\"http:\/\/conex-casting.com\/wp-content\/uploads\/2026\/01\/Aluminum-vise-connectors-300x300.jpeg\" alt=\"Aluminum-vise-connectors\" width=\"430\" height=\"430\" srcset=\"https:\/\/conex-casting.com\/wp-content\/uploads\/2026\/01\/Aluminum-vise-connectors-300x300.jpeg 300w, https:\/\/conex-casting.com\/wp-content\/uploads\/2026\/01\/Aluminum-vise-connectors-150x150.jpeg 150w, https:\/\/conex-casting.com\/wp-content\/uploads\/2026\/01\/Aluminum-vise-connectors-768x768.jpeg 768w, https:\/\/conex-casting.com\/wp-content\/uploads\/2026\/01\/Aluminum-vise-connectors-640x640.jpeg 640w, https:\/\/conex-casting.com\/wp-content\/uploads\/2026\/01\/Aluminum-vise-connectors.jpeg 1024w\" sizes=\"auto, (max-width: 430px) 100vw, 430px\" \/><\/p>\n<p style=\"text-align: center;\"><a class=\"maxbutton-1 maxbutton maxbutton-product-page-button open-popup-modal\"><span class=\"mb-text\">Get Quote In 24 Hours<\/span><\/a><\/p>\n<p><strong><span dir=\"auto\">Descri\u00e7\u00e3o do produto<\/span><\/strong><\/p>\n<p><strong><span dir=\"auto\">Os conectores de alum\u00ednio tipo morsa<\/span><\/strong><span dir=\"auto\">\u00a0s\u00e3o conectores mec\u00e2nicos, sem solda, projetados para aplica\u00e7\u00f5es de aterramento e liga\u00e7\u00e3o equipotencial. Esses conectores utilizam um mecanismo de fixa\u00e7\u00e3o tipo morsa, acionado por parafuso, que aceita com seguran\u00e7a\u00a0<\/span><strong><span dir=\"auto\">dois condutores dentro da faixa especificada, em qualquer combina\u00e7\u00e3o<\/span><\/strong><span dir=\"auto\">\u00a0.<\/span><\/p>\n<p><span dir=\"auto\">Fabricados utilizando\u00a0<\/span><strong><span dir=\"auto\">fundi\u00e7\u00e3o sob press\u00e3o de alum\u00ednio (DGC)<\/span><\/strong><span dir=\"auto\">\u00a0seguida de\u00a0<\/span><strong><span dir=\"auto\">usinagem CNC de precis\u00e3o<\/span><\/strong><span dir=\"auto\">\u00a0, esses conectores oferecem dimens\u00f5es consistentes, forte fixa\u00e7\u00e3o mec\u00e2nica e continuidade el\u00e9trica confi\u00e1vel para sistemas de aterramento industriais e de concession\u00e1rias de energia.<\/span><\/p>\n<p><strong><span dir=\"auto\">Principais caracter\u00edsticas de design e desempenho<\/span><\/strong><\/p>\n<ul>\n<li><span dir=\"auto\">Aceita\u00a0<\/span><strong><span dir=\"auto\">dois condutores dentro da faixa de condutores listada<\/span><\/strong><span dir=\"auto\">\u00a0, em qualquer combina\u00e7\u00e3o.<\/span><\/li>\n<li><strong><span dir=\"auto\">A\u00e7\u00e3o de fixa\u00e7\u00e3o tipo morsa<\/span><\/strong><span dir=\"auto\">\u00a0para conex\u00f5es seguras e resistentes \u00e0 vibra\u00e7\u00e3o.<\/span><\/li>\n<li><strong><span dir=\"auto\">Design monobloco com abertura lateral<\/span><\/strong><span dir=\"auto\">\u00a0para f\u00e1cil instala\u00e7\u00e3o e redu\u00e7\u00e3o de pe\u00e7as soltas.<\/span><\/li>\n<li><strong><span dir=\"auto\">Uma ampla gama de condutores<\/span><\/strong><span dir=\"auto\">\u00a0reduz o estoque e a quantidade de SKUs.<\/span><\/li>\n<li><span dir=\"auto\">Adequado para\u00a0<\/span><strong><span dir=\"auto\">aterramento e liga\u00e7\u00e3o equipotencial<\/span><\/strong><span dir=\"auto\">\u00a0de estruturas, gabinetes, inv\u00f3lucros e equipamentos.<\/span><\/li>\n<li><span dir=\"auto\">A constru\u00e7\u00e3o em alum\u00ednio oferece\u00a0<\/span><strong><span dir=\"auto\">excelente rela\u00e7\u00e3o resist\u00eancia\/peso<\/span><\/strong><span dir=\"auto\">\u00a0e resist\u00eancia \u00e0 corros\u00e3o.<\/span><\/li>\n<li><span dir=\"auto\">Projetado para\u00a0<\/span><strong><span dir=\"auto\">instala\u00e7\u00e3o em campo utilizando ferramentas padr\u00e3o<\/span><\/strong><span dir=\"auto\">\u00a0, incluindo manuseio com luvas.<\/span><\/li>\n<\/ul>\n<p><strong><span dir=\"auto\">Processo de fabrica\u00e7\u00e3o<\/span><\/strong><\/p>\n<ul>\n<li><strong><span dir=\"auto\">Processo principal:<\/span><\/strong><span dir=\"auto\">\u00a0Fundi\u00e7\u00e3o sob press\u00e3o de alum\u00ednio (DGC)<\/span><\/li>\n<li><strong><span dir=\"auto\">Processo secund\u00e1rio:<\/span><\/strong><span dir=\"auto\">\u00a0Usinagem CNC (dimens\u00f5es cr\u00edticas, ranhuras para condutores, roscas)<\/span><\/li>\n<li><strong><span dir=\"auto\">Ferragens:<\/span><\/strong><span dir=\"auto\">\u00a0A\u00e7o inoxid\u00e1vel ou a\u00e7o cromado (conforme especificado)<\/span><\/li>\n<li><strong><span dir=\"auto\">Acabamento: Superf\u00edcie<\/span><\/strong><span dir=\"auto\">\u00a0como fundida ou com tratamento de superf\u00edcie especificado pelo cliente.<\/span><\/li>\n<\/ul>\n<p><strong><span dir=\"auto\">Aplica\u00e7\u00f5es t\u00edpicas<\/span><\/strong><\/p>\n<ul>\n<li><span dir=\"auto\">Tomadas de aterramento e liga\u00e7\u00e3o equipotencial<\/span><\/li>\n<li><span dir=\"auto\">Aterramento do gabinete e da caixa<\/span><\/li>\n<li><span dir=\"auto\">Conex\u00f5es de aterramento de equipamentos<\/span><\/li>\n<li><span dir=\"auto\">sistemas de aterramento de utilidades<\/span><\/li>\n<li><span dir=\"auto\">Redes de aterramento industrial<\/span><\/li>\n<li><span dir=\"auto\">Aterramento de telecomunica\u00e7\u00f5es e infraestrutura<\/span><\/li>\n<\/ul>\n<p><strong><span dir=\"auto\">Tamanhos e dimens\u00f5es padr\u00e3o<\/span><\/strong><\/p>\n<p><em><span dir=\"auto\">(Baseado na geometria de refer\u00eancia da ind\u00fastria \u2013 Vers\u00e3o em alum\u00ednio)<\/span><\/em><\/p>\n<p><strong><span dir=\"auto\">Nota:<\/span><\/strong><span dir=\"auto\">\u00a0Todos os conectores aceitam\u00a0<\/span><strong><span dir=\"auto\">dois condutores<\/span><\/strong><span dir=\"auto\">\u00a0dentro da faixa de condutores especificada, em qualquer combina\u00e7\u00e3o.<\/span><\/p>\n<p><strong><span dir=\"auto\">Faixa de condutores (todas as variantes)<\/span><\/strong><\/p>\n<ul>\n<li><strong><span dir=\"auto\">8 SOL \u2013 1\/0 STR<\/span><\/strong><\/li>\n<\/ul>\n<p><strong><span dir=\"auto\">Conector de torno de alum\u00ednio \u2013 Tabela de medidas<\/span><\/strong><\/p>\n<table>\n<thead>\n<tr>\n<td>\n<p><strong><span dir=\"auto\">C\u00f3digo do cat\u00e1logo<\/span><\/strong><\/p>\n<\/td>\n<td>\n<p><strong><span dir=\"auto\">Faixa de condutores<\/span><\/strong><\/p>\n<\/td>\n<td>\n<p><strong><span dir=\"auto\">Tamanho da rosca do parafuso<\/span><\/strong><\/p>\n<\/td>\n<td>\n<p><strong><span dir=\"auto\">Tamanho do parafuso sextavado<\/span><\/strong><\/p>\n<\/td>\n<td>\n<p><strong><span dir=\"auto\">A (em)<\/span><\/strong><\/p>\n<\/td>\n<td>\n<p><strong><span dir=\"auto\">B (em)<\/span><\/strong><\/p>\n<\/td>\n<td>\n<p><strong><span dir=\"auto\">C (em)<\/span><\/strong><\/p>\n<\/td>\n<td>\n<p><strong><span dir=\"auto\">D (Fio)<\/span><\/strong><\/p>\n<\/td>\n<td>\n<p><strong><span dir=\"auto\">Pacote padr\u00e3o<\/span><\/strong><\/p>\n<\/td>\n<\/tr>\n<\/thead>\n<tbody>\n<tr>\n<td>\n<p><strong><span dir=\"auto\">AVC-207<\/span><\/strong><\/p>\n<\/td>\n<td>\n<p><span dir=\"auto\">8 SOL \u2013 1\/0 STR<\/span><\/p>\n<\/td>\n<td>\n<p><span dir=\"auto\">5\/16\u2033<\/span><\/p>\n<\/td>\n<td>\n<p><span dir=\"auto\">9\/16\u2033<\/span><\/p>\n<\/td>\n<td>\n<p><span dir=\"auto\">1.02<\/span><\/p>\n<\/td>\n<td>\n<p><span dir=\"auto\">0,77<\/span><\/p>\n<\/td>\n<td>\n<p><span dir=\"auto\">2,00<\/span><\/p>\n<\/td>\n<td>\n<p><span dir=\"auto\">1\/2\u2033-13<\/span><\/p>\n<\/td>\n<td>\n<p><span dir=\"auto\">100<\/span><\/p>\n<\/td>\n<\/tr>\n<tr>\n<td>\n<p><strong><span dir=\"auto\">AVC-207-FT<\/span><\/strong><\/p>\n<\/td>\n<td>\n<p><span dir=\"auto\">8 SOL \u2013 1\/0 STR<\/span><\/p>\n<\/td>\n<td>\n<p><span dir=\"auto\">5\/16\u2033<\/span><\/p>\n<\/td>\n<td>\n<p><span dir=\"auto\">9\/16\u2033<\/span><\/p>\n<\/td>\n<td>\n<p><span dir=\"auto\">1.02<\/span><\/p>\n<\/td>\n<td>\n<p><span dir=\"auto\">0,77<\/span><\/p>\n<\/td>\n<td>\n<p><span dir=\"auto\">1,50<\/span><\/p>\n<\/td>\n<td>\n<p><span dir=\"auto\">1\/2\u2033-13<\/span><\/p>\n<\/td>\n<td>\n<p><span dir=\"auto\">100<\/span><\/p>\n<\/td>\n<\/tr>\n<tr>\n<td>\n<p><strong><span dir=\"auto\">AVC-207-IT<\/span><\/strong><\/p>\n<\/td>\n<td>\n<p><span dir=\"auto\">8 SOL \u2013 1\/0 STR<\/span><\/p>\n<\/td>\n<td>\n<p><span dir=\"auto\">5\/16\u2033<\/span><\/p>\n<\/td>\n<td>\n<p><span dir=\"auto\">9\/16\u2033<\/span><\/p>\n<\/td>\n<td>\n<p><span dir=\"auto\">1.02<\/span><\/p>\n<\/td>\n<td>\n<p><span dir=\"auto\">0,77<\/span><\/p>\n<\/td>\n<td>\n<p><span dir=\"auto\">2,00<\/span><\/p>\n<\/td>\n<td>\n<p><span dir=\"auto\">3\/8\u2033-16<\/span><\/p>\n<\/td>\n<td>\n<p><span dir=\"auto\">100<\/span><\/p>\n<\/td>\n<\/tr>\n<tr>\n<td>\n<p><strong><span dir=\"auto\">AVC-207-ST<\/span><\/strong><\/p>\n<\/td>\n<td>\n<p><span dir=\"auto\">8 SOL \u2013 1\/0 STR<\/span><\/p>\n<\/td>\n<td>\n<p><span dir=\"auto\">5\/16\u2033<\/span><\/p>\n<\/td>\n<td>\n<p><span dir=\"auto\">9\/16\u2033<\/span><\/p>\n<\/td>\n<td>\n<p><span dir=\"auto\">1.02<\/span><\/p>\n<\/td>\n<td>\n<p><span dir=\"auto\">0,77<\/span><\/p>\n<\/td>\n<td>\n<p><span dir=\"auto\">1,75<\/span><\/p>\n<\/td>\n<td>\n<p><span dir=\"auto\">1\/2\u2033-13<\/span><\/p>\n<\/td>\n<td>\n<p><span dir=\"auto\">100<\/span><\/p>\n<\/td>\n<\/tr>\n<\/tbody>\n<\/table>\n<p><strong><span dir=\"auto\">Materiais e constru\u00e7\u00e3o<\/span><\/strong><\/p>\n<ul>\n<li><strong><span dir=\"auto\">Corpo\/Mand\u00edbulas:<\/span><\/strong><span dir=\"auto\">\u00a0Liga de alum\u00ednio fundido<\/span><\/li>\n<li><strong><span dir=\"auto\">Mecanismo de fixa\u00e7\u00e3o:<\/span><\/strong><span dir=\"auto\">\u00a0morsa acionada por parafuso<\/span><\/li>\n<li><strong><span dir=\"auto\">Roscas e faces cr\u00edticas:<\/span><\/strong><span dir=\"auto\">\u00a0usinadas por CNC<\/span><\/li>\n<li><strong><span dir=\"auto\">Ferragens:<\/span><\/strong><span dir=\"auto\">\u00a0Parafusos\/Arruelas em a\u00e7o inoxid\u00e1vel 304\/316<\/span><\/li>\n<\/ul>\n<p><strong><span dir=\"auto\">Qualidade e Inspe\u00e7\u00e3o<\/span><\/strong><\/p>\n<ul>\n<li><span dir=\"auto\">Verifica\u00e7\u00e3o dimensional ap\u00f3s usinagem CNC<\/span><\/li>\n<li><span dir=\"auto\">Inspe\u00e7\u00e3o de rosca e ajuste<\/span><\/li>\n<li><span dir=\"auto\">Inspe\u00e7\u00e3o visual para integridade da pe\u00e7a fundida<\/span><\/li>\n<li><span dir=\"auto\">Embalagem controlada para evitar danos durante o transporte.<\/span><\/li>\n<\/ul>\n<p><strong><span dir=\"auto\">Notas<\/span><\/strong><\/p>\n<ul>\n<li><span dir=\"auto\">As dimens\u00f5es e as faixas de condutores podem ser personalizadas mediante solicita\u00e7\u00e3o.<\/span><\/li>\n<li><span dir=\"auto\">Roscas especiais, revestimentos ou quantidades de embalagem dispon\u00edveis<\/span><\/li>\n<\/ul>\n<p><span dir=\"auto\">Os conectores de alum\u00ednio para torno de bancada destinam-se\u00a0<\/span><strong><span dir=\"auto\">exclusivamente a aplica\u00e7\u00f5es de aterramento e liga\u00e7\u00e3o equipotencial<\/span><\/strong><span dir=\"auto\">\u00a0, salvo indica\u00e7\u00e3o em contr\u00e1rio.<\/span><\/p>\n","protected":false},"excerpt":{"rendered":"<p>Conectores e grampos de alum\u00ednio para tornos de bancada (Conectores de torno de alum\u00ednio e grampos de torno de alum\u00ednio) Get Quote In 24 Hours Descri\u00e7\u00e3o do produto Os conectores de alum\u00ednio tipo morsa\u00a0s\u00e3o conectores mec\u00e2nicos, sem solda, projetados para aplica\u00e7\u00f5es de aterramento e liga\u00e7\u00e3o equipotencial. Esses conectores utilizam um mecanismo de fixa\u00e7\u00e3o tipo morsa, [&hellip;]<\/p>\n","protected":false},"author":1,"featured_media":0,"parent":0,"menu_order":0,"comment_status":"closed","ping_status":"closed","template":"","meta":{"_joinchat":[],"footnotes":""},"class_list":["post-8462","page","type-page","status-publish","hentry"],"_links":{"self":[{"href":"https:\/\/conex-casting.com\/pt-br\/wp-json\/wp\/v2\/pages\/8462","targetHints":{"allow":["GET"]}}],"collection":[{"href":"https:\/\/conex-casting.com\/pt-br\/wp-json\/wp\/v2\/pages"}],"about":[{"href":"https:\/\/conex-casting.com\/pt-br\/wp-json\/wp\/v2\/types\/page"}],"author":[{"embeddable":true,"href":"https:\/\/conex-casting.com\/pt-br\/wp-json\/wp\/v2\/users\/1"}],"replies":[{"embeddable":true,"href":"https:\/\/conex-casting.com\/pt-br\/wp-json\/wp\/v2\/comments?post=8462"}],"version-history":[{"count":2,"href":"https:\/\/conex-casting.com\/pt-br\/wp-json\/wp\/v2\/pages\/8462\/revisions"}],"predecessor-version":[{"id":8714,"href":"https:\/\/conex-casting.com\/pt-br\/wp-json\/wp\/v2\/pages\/8462\/revisions\/8714"}],"wp:attachment":[{"href":"https:\/\/conex-casting.com\/pt-br\/wp-json\/wp\/v2\/media?parent=8462"}],"curies":[{"name":"wp","href":"https:\/\/api.w.org\/{rel}","templated":true}]}}